{"id":13,"date":"2022-10-04T13:49:05","date_gmt":"2022-10-04T17:49:05","guid":{"rendered":"https:\/\/staging.beyondsilence.ca\/?page_id=13"},"modified":"2026-04-17T14:57:43","modified_gmt":"2026-04-17T18:57:43","slug":"about-us","status":"publish","type":"page","link":"https:\/\/www.oncallapp.ca\/fr\/about-us\/","title":{"rendered":"\u00c0 propos de nous"},"content":{"rendered":"<div class=\"wp-block-columns alignwide is-layout-flex wp-container-core-columns-is-layout-9d6595d7 wp-block-columns-is-layout-flex\">\n<div class=\"wp-block-column is-layout-flow wp-block-column-is-layout-flow\">\n<h2 class=\"wp-block-heading\">Remerciements<\/h2>\n\n\n\n<p>Le projet&nbsp;<strong>PeerOnCall&nbsp;<\/strong>a \u00e9t\u00e9 rendu possible gr\u00e2ce \u00e0 la collaboration et \u00e0 l'apport continus de la communaut\u00e9 de la s\u00e9curit\u00e9 publique au Canada. <\/p>\n\n\n\n<p>Les recherches en cours li\u00e9es aux applications sont soutenues par une \u00e9quipe de chercheurs universitaires de premier plan r\u00e9partis dans cinq universit\u00e9s, ainsi que par des \u00e9quipes consultatives d'utilisateurs \u00e0 travers tout le Canada. En outre, ces travaux ont b\u00e9n\u00e9fici\u00e9 du financement de Movember, des Instituts de recherche en sant\u00e9 du Canada (IRSC) et de l'Agence de la sant\u00e9 publique du Canada (ASPC).<\/p>\n\n\n\n<p><\/p>\n\n\n\n<div style=\"height:30px\" aria-hidden=\"true\" class=\"wp-block-spacer\"><\/div>\n<\/div>\n<\/div>\n\n\n\n<div class=\"wp-block-columns alignwide is-layout-flex wp-container-core-columns-is-layout-9d6595d7 wp-block-columns-is-layout-flex\">\n<div class=\"wp-block-column is-vertically-aligned-center is-layout-flow wp-block-column-is-layout-flow\" style=\"flex-basis:40%\">\n<h4 class=\"wp-block-heading\">Centre de coordination McMaster <\/h4>\n\n\n\n<h5 class=\"wp-block-heading\">\u00c9quipe de recherche<\/h5>\n\n\n\n<p>Sandra Moll, PhD, Chercheuse principale<\/p>\n\n\n\n<p>Marilyn Swinton, MSc, Coordinatrice de recherche<\/p>\n\n\n\n<p>Jessica Sun, Assistante de recherche<\/p>\n\n\n\n<p>Cory Byrne, Assistant de recherche<\/p>\n\n\n\n<h5 class=\"wp-block-heading\">\u00c9tudiants dipl\u00f4m\u00e9s :<\/h5>\n\n\n\n<ul class=\"wp-block-list\">\n<li>Maha Wakim, OT Reg (Ont.), \u00e9tudiante de doctorat<\/li>\n\n\n\n<li>Navdeep Goraya     MPH Student<\/li>\n<\/ul>\n<\/div>\n\n\n\n<div class=\"wp-block-column is-layout-flow wp-block-column-is-layout-flow\" style=\"flex-basis:60%\">\n<figure class=\"wp-block-image size-large\"><img loading=\"lazy\" decoding=\"async\" width=\"1024\" height=\"655\" src=\"https:\/\/www.oncallapp.ca\/wp-content\/uploads\/2023\/01\/mcmaster-team-group-photo-1024x655.jpg\" alt=\"\" class=\"wp-image-717\" srcset=\"https:\/\/www.oncallapp.ca\/wp-content\/uploads\/2023\/01\/mcmaster-team-group-photo-1024x655.jpg 1024w, https:\/\/www.oncallapp.ca\/wp-content\/uploads\/2023\/01\/mcmaster-team-group-photo-300x192.jpg 300w, https:\/\/www.oncallapp.ca\/wp-content\/uploads\/2023\/01\/mcmaster-team-group-photo-768x491.jpg 768w, https:\/\/www.oncallapp.ca\/wp-content\/uploads\/2023\/01\/mcmaster-team-group-photo-1536x982.jpg 1536w, https:\/\/www.oncallapp.ca\/wp-content\/uploads\/2023\/01\/mcmaster-team-group-photo-18x12.jpg 18w, https:\/\/www.oncallapp.ca\/wp-content\/uploads\/2023\/01\/mcmaster-team-group-photo-1200x767.jpg 1200w, https:\/\/www.oncallapp.ca\/wp-content\/uploads\/2023\/01\/mcmaster-team-group-photo.jpg 1800w\" sizes=\"auto, (max-width: 1024px) 100vw, 1024px\" \/><figcaption class=\"wp-element-caption\">Photo : L'\u00e9quipe de recherche de McMaster (de gauche \u00e0 droite) : Navdeep Goraya, Marilyn Swinton, Cory Byrne, Jessica Sun, Sandra Moll.  Absent : Maha Wakim<\/figcaption><\/figure>\n<\/div>\n<\/div>\n\n\n\n<h2 class=\"wp-block-heading\">Chercheurs de PeerOnCall<\/h2>\n\n\n\n<div class=\"wp-block-columns alignwide is-layout-flex wp-container-core-columns-is-layout-9d6595d7 wp-block-columns-is-layout-flex\">\n<div class=\"wp-block-column is-layout-flow wp-block-column-is-layout-flow\">\n<figure class=\"wp-block-image size-large\"><img loading=\"lazy\" decoding=\"async\" width=\"819\" height=\"1024\" src=\"https:\/\/www.oncallapp.ca\/wp-content\/uploads\/2023\/01\/profile-photo-sandra-moll-819x1024.jpg\" alt=\"\" class=\"wp-image-666\" srcset=\"https:\/\/www.oncallapp.ca\/wp-content\/uploads\/2023\/01\/profile-photo-sandra-moll-819x1024.jpg 819w, https:\/\/www.oncallapp.ca\/wp-content\/uploads\/2023\/01\/profile-photo-sandra-moll-240x300.jpg 240w, https:\/\/www.oncallapp.ca\/wp-content\/uploads\/2023\/01\/profile-photo-sandra-moll-768x960.jpg 768w, https:\/\/www.oncallapp.ca\/wp-content\/uploads\/2023\/01\/profile-photo-sandra-moll-10x12.jpg 10w, https:\/\/www.oncallapp.ca\/wp-content\/uploads\/2023\/01\/profile-photo-sandra-moll.jpg 900w\" sizes=\"auto, (max-width: 819px) 100vw, 819px\" \/><\/figure>\n\n\n\n<h5 class=\"wp-block-heading\">Sandra Moll<\/h5>\n<\/div>\n\n\n\n<div class=\"wp-block-column is-layout-flow wp-block-column-is-layout-flow\">\n<figure class=\"wp-block-image size-large\"><img loading=\"lazy\" decoding=\"async\" width=\"819\" height=\"1024\" src=\"https:\/\/www.oncallapp.ca\/wp-content\/uploads\/2023\/01\/profile-photo-nick-carleton-819x1024.jpg\" alt=\"\" class=\"wp-image-882\" srcset=\"https:\/\/www.oncallapp.ca\/wp-content\/uploads\/2023\/01\/profile-photo-nick-carleton-819x1024.jpg 819w, https:\/\/www.oncallapp.ca\/wp-content\/uploads\/2023\/01\/profile-photo-nick-carleton-240x300.jpg 240w, https:\/\/www.oncallapp.ca\/wp-content\/uploads\/2023\/01\/profile-photo-nick-carleton-768x960.jpg 768w, https:\/\/www.oncallapp.ca\/wp-content\/uploads\/2023\/01\/profile-photo-nick-carleton-10x12.jpg 10w, https:\/\/www.oncallapp.ca\/wp-content\/uploads\/2023\/01\/profile-photo-nick-carleton.jpg 900w\" sizes=\"auto, (max-width: 819px) 100vw, 819px\" \/><\/figure>\n\n\n\n<h5 class=\"wp-block-heading\">Nick Carleton<\/h5>\n<\/div>\n\n\n\n<div class=\"wp-block-column is-layout-flow wp-block-column-is-layout-flow\">\n<figure class=\"wp-block-image size-large\"><img loading=\"lazy\" decoding=\"async\" width=\"819\" height=\"1024\" src=\"https:\/\/www.oncallapp.ca\/wp-content\/uploads\/2023\/01\/profile-photo-czarnuch-819x1024.jpg\" alt=\"\" class=\"wp-image-664\" srcset=\"https:\/\/www.oncallapp.ca\/wp-content\/uploads\/2023\/01\/profile-photo-czarnuch-819x1024.jpg 819w, https:\/\/www.oncallapp.ca\/wp-content\/uploads\/2023\/01\/profile-photo-czarnuch-240x300.jpg 240w, https:\/\/www.oncallapp.ca\/wp-content\/uploads\/2023\/01\/profile-photo-czarnuch-768x960.jpg 768w, https:\/\/www.oncallapp.ca\/wp-content\/uploads\/2023\/01\/profile-photo-czarnuch-10x12.jpg 10w, https:\/\/www.oncallapp.ca\/wp-content\/uploads\/2023\/01\/profile-photo-czarnuch.jpg 900w\" sizes=\"auto, (max-width: 819px) 100vw, 819px\" \/><\/figure>\n\n\n\n<h5 class=\"wp-block-heading\">Stephen Czarnuch<\/h5>\n<\/div>\n\n\n\n<div class=\"wp-block-column is-layout-flow wp-block-column-is-layout-flow\">\n<figure class=\"wp-block-image size-large\"><img loading=\"lazy\" decoding=\"async\" width=\"819\" height=\"1024\" src=\"https:\/\/www.oncallapp.ca\/wp-content\/uploads\/2023\/01\/profile-photo-joy-macdermid-819x1024.jpg\" alt=\"\" class=\"wp-image-665\" srcset=\"https:\/\/www.oncallapp.ca\/wp-content\/uploads\/2023\/01\/profile-photo-joy-macdermid-819x1024.jpg 819w, https:\/\/www.oncallapp.ca\/wp-content\/uploads\/2023\/01\/profile-photo-joy-macdermid-240x300.jpg 240w, https:\/\/www.oncallapp.ca\/wp-content\/uploads\/2023\/01\/profile-photo-joy-macdermid-768x960.jpg 768w, https:\/\/www.oncallapp.ca\/wp-content\/uploads\/2023\/01\/profile-photo-joy-macdermid-10x12.jpg 10w, https:\/\/www.oncallapp.ca\/wp-content\/uploads\/2023\/01\/profile-photo-joy-macdermid.jpg 900w\" sizes=\"auto, (max-width: 819px) 100vw, 819px\" \/><\/figure>\n\n\n\n<h5 class=\"wp-block-heading\">Joy MacDermid<\/h5>\n<\/div>\n\n\n\n<div class=\"wp-block-column is-layout-flow wp-block-column-is-layout-flow\">\n<figure class=\"wp-block-image size-large\"><img loading=\"lazy\" decoding=\"async\" width=\"819\" height=\"1024\" src=\"https:\/\/www.oncallapp.ca\/wp-content\/uploads\/2023\/01\/profile-photo-renee-macphee-819x1024.jpg\" alt=\"\" class=\"wp-image-898\" srcset=\"https:\/\/www.oncallapp.ca\/wp-content\/uploads\/2023\/01\/profile-photo-renee-macphee-819x1024.jpg 819w, https:\/\/www.oncallapp.ca\/wp-content\/uploads\/2023\/01\/profile-photo-renee-macphee-240x300.jpg 240w, https:\/\/www.oncallapp.ca\/wp-content\/uploads\/2023\/01\/profile-photo-renee-macphee-768x960.jpg 768w, https:\/\/www.oncallapp.ca\/wp-content\/uploads\/2023\/01\/profile-photo-renee-macphee-10x12.jpg 10w, https:\/\/www.oncallapp.ca\/wp-content\/uploads\/2023\/01\/profile-photo-renee-macphee.jpg 900w\" sizes=\"auto, (max-width: 819px) 100vw, 819px\" \/><\/figure>\n\n\n\n<h5 class=\"wp-block-heading\">Renee MacPhee<\/h5>\n<\/div>\n\n\n\n<div class=\"wp-block-column is-layout-flow wp-block-column-is-layout-flow\">\n<figure class=\"wp-block-image size-large\"><img loading=\"lazy\" decoding=\"async\" width=\"819\" height=\"1024\" src=\"https:\/\/www.oncallapp.ca\/wp-content\/uploads\/2023\/01\/profile-photo-Rose-Ricciardelli-819x1024.jpg\" alt=\"\" class=\"wp-image-899\" srcset=\"https:\/\/www.oncallapp.ca\/wp-content\/uploads\/2023\/01\/profile-photo-Rose-Ricciardelli-819x1024.jpg 819w, https:\/\/www.oncallapp.ca\/wp-content\/uploads\/2023\/01\/profile-photo-Rose-Ricciardelli-240x300.jpg 240w, https:\/\/www.oncallapp.ca\/wp-content\/uploads\/2023\/01\/profile-photo-Rose-Ricciardelli-768x960.jpg 768w, https:\/\/www.oncallapp.ca\/wp-content\/uploads\/2023\/01\/profile-photo-Rose-Ricciardelli-10x12.jpg 10w, https:\/\/www.oncallapp.ca\/wp-content\/uploads\/2023\/01\/profile-photo-Rose-Ricciardelli.jpg 900w\" sizes=\"auto, (max-width: 819px) 100vw, 819px\" \/><\/figure>\n\n\n\n<h5 class=\"wp-block-heading\">Rose Ricciardelli&nbsp;<\/h5>\n<\/div>\n<\/div>\n\n\n\n<figure class=\"wp-block-image size-full is-resized\"><img loading=\"lazy\" decoding=\"async\" src=\"https:\/\/www.oncallapp.ca\/wp-content\/uploads\/2023\/03\/PHAC_University_logos.jpg\" alt=\"\" class=\"wp-image-1045\" width=\"784\" height=\"194\" srcset=\"https:\/\/www.oncallapp.ca\/wp-content\/uploads\/2023\/03\/PHAC_University_logos.jpg 444w, https:\/\/www.oncallapp.ca\/wp-content\/uploads\/2023\/03\/PHAC_University_logos-300x74.jpg 300w, https:\/\/www.oncallapp.ca\/wp-content\/uploads\/2023\/03\/PHAC_University_logos-18x4.jpg 18w\" sizes=\"auto, (max-width: 784px) 100vw, 784px\" \/><\/figure>","protected":false},"excerpt":{"rendered":"<p>Acknowledgements The&nbsp;PeerOnCall&nbsp;project has been made possible thanks to ongoing collaboration and input from Canada&#8217;s Public Safety community. Ongoing research related to the app platform is supported by a team of leading academic researchers across five universities, as well as knowledge user advisory teams from across Canada. In addition, this work has been supported by funding [&hellip;]<\/p>\n","protected":false},"author":7,"featured_media":0,"parent":0,"menu_order":0,"comment_status":"closed","ping_status":"closed","template":"","meta":{"footnotes":""},"class_list":["post-13","page","type-page","status-publish","hentry"],"yoast_head":"<!-- This site is optimized with the Yoast SEO plugin v27.2 - https:\/\/yoast.com\/product\/yoast-seo-wordpress\/ -->\n<title>About Us - PeerOnCall<\/title>\n<meta name=\"robots\" content=\"index, follow, max-snippet:-1, max-image-preview:large, max-video-preview:-1\" \/>\n<link rel=\"canonical\" href=\"https:\/\/www.oncallapp.ca\/fr\/about-us\/\" \/>\n<meta property=\"og:locale\" content=\"fr_CA\" \/>\n<meta property=\"og:type\" content=\"article\" \/>\n<meta property=\"og:title\" content=\"About Us - PeerOnCall\" \/>\n<meta property=\"og:description\" content=\"Acknowledgements The&nbsp;PeerOnCall&nbsp;project has been made possible thanks to ongoing collaboration and input from Canada&#8217;s Public Safety community. Ongoing research related to the app platform is supported by a team of leading academic researchers across five universities, as well as knowledge user advisory teams from across Canada. In addition, this work has been supported by funding [&hellip;]\" \/>\n<meta property=\"og:url\" content=\"https:\/\/www.oncallapp.ca\/fr\/about-us\/\" \/>\n<meta property=\"og:site_name\" content=\"PeerOnCall\" \/>\n<meta property=\"article:modified_time\" content=\"2026-04-17T18:57:43+00:00\" \/>\n<meta property=\"og:image\" content=\"https:\/\/www.oncallapp.ca\/wp-content\/uploads\/2023\/01\/mcmaster-team-group-photo.jpg\" \/>\n\t<meta property=\"og:image:width\" content=\"1800\" \/>\n\t<meta property=\"og:image:height\" content=\"1151\" \/>\n\t<meta property=\"og:image:type\" content=\"image\/jpeg\" \/>\n<meta name=\"twitter:card\" content=\"summary_large_image\" \/>\n<meta name=\"twitter:site\" content=\"@pshsaca\" \/>\n<meta name=\"twitter:label1\" content=\"Estimation du temps de lecture\" \/>\n\t<meta name=\"twitter:data1\" content=\"3 minutes\" \/>\n<script type=\"application\/ld+json\" class=\"yoast-schema-graph\">{\"@context\":\"https:\/\/schema.org\",\"@graph\":[{\"@type\":\"WebPage\",\"@id\":\"https:\/\/www.oncallapp.ca\/about-us\/\",\"url\":\"https:\/\/www.oncallapp.ca\/about-us\/\",\"name\":\"About Us - PeerOnCall\",\"isPartOf\":{\"@id\":\"https:\/\/www.beyondsilence.ca\/#website\"},\"primaryImageOfPage\":{\"@id\":\"https:\/\/www.oncallapp.ca\/about-us\/#primaryimage\"},\"image\":{\"@id\":\"https:\/\/www.oncallapp.ca\/about-us\/#primaryimage\"},\"thumbnailUrl\":\"https:\/\/www.oncallapp.ca\/wp-content\/uploads\/2023\/01\/mcmaster-team-group-photo-1024x655.jpg\",\"datePublished\":\"2022-10-04T17:49:05+00:00\",\"dateModified\":\"2026-04-17T18:57:43+00:00\",\"breadcrumb\":{\"@id\":\"https:\/\/www.oncallapp.ca\/about-us\/#breadcrumb\"},\"inLanguage\":\"fr-CA\",\"potentialAction\":[{\"@type\":\"ReadAction\",\"target\":[\"https:\/\/www.oncallapp.ca\/about-us\/\"]}]},{\"@type\":\"ImageObject\",\"inLanguage\":\"fr-CA\",\"@id\":\"https:\/\/www.oncallapp.ca\/about-us\/#primaryimage\",\"url\":\"https:\/\/www.oncallapp.ca\/wp-content\/uploads\/2023\/01\/mcmaster-team-group-photo-1024x655.jpg\",\"contentUrl\":\"https:\/\/www.oncallapp.ca\/wp-content\/uploads\/2023\/01\/mcmaster-team-group-photo-1024x655.jpg\"},{\"@type\":\"BreadcrumbList\",\"@id\":\"https:\/\/www.oncallapp.ca\/about-us\/#breadcrumb\",\"itemListElement\":[{\"@type\":\"ListItem\",\"position\":1,\"name\":\"Home\",\"item\":\"https:\/\/www.oncallapp.ca\/\"},{\"@type\":\"ListItem\",\"position\":2,\"name\":\"About Us\"}]},{\"@type\":\"WebSite\",\"@id\":\"https:\/\/www.beyondsilence.ca\/#website\",\"url\":\"https:\/\/www.beyondsilence.ca\/\",\"name\":\"PeerOnCall\",\"description\":\"\",\"publisher\":{\"@id\":\"https:\/\/www.beyondsilence.ca\/#organization\"},\"potentialAction\":[{\"@type\":\"SearchAction\",\"target\":{\"@type\":\"EntryPoint\",\"urlTemplate\":\"https:\/\/www.beyondsilence.ca\/?s={search_term_string}\"},\"query-input\":{\"@type\":\"PropertyValueSpecification\",\"valueRequired\":true,\"valueName\":\"search_term_string\"}}],\"inLanguage\":\"fr-CA\"},{\"@type\":\"Organization\",\"@id\":\"https:\/\/www.beyondsilence.ca\/#organization\",\"name\":\"PeerOnCall\",\"url\":\"https:\/\/www.beyondsilence.ca\/\",\"logo\":{\"@type\":\"ImageObject\",\"inLanguage\":\"fr-CA\",\"@id\":\"https:\/\/www.beyondsilence.ca\/#\/schema\/logo\/image\/\",\"url\":\"https:\/\/www.oncallapp.ca\/wp-content\/uploads\/2023\/01\/logo-peerOC-horiz.png\",\"contentUrl\":\"https:\/\/www.oncallapp.ca\/wp-content\/uploads\/2023\/01\/logo-peerOC-horiz.png\",\"width\":800,\"height\":249,\"caption\":\"PeerOnCall\"},\"image\":{\"@id\":\"https:\/\/www.beyondsilence.ca\/#\/schema\/logo\/image\/\"},\"sameAs\":[\"https:\/\/x.com\/pshsaca\",\"https:\/\/www.linkedin.com\/company\/public-services-health-and-safety-association\",\"https:\/\/www.youtube.com\/user\/PSHSA\",\"https:\/\/www.instagram.com\/pshsa\/\"]}]}<\/script>\n<!-- \/ Yoast SEO plugin. -->","yoast_head_json":{"title":"About Us - PeerOnCall","robots":{"index":"index","follow":"follow","max-snippet":"max-snippet:-1","max-image-preview":"max-image-preview:large","max-video-preview":"max-video-preview:-1"},"canonical":"https:\/\/www.oncallapp.ca\/fr\/about-us\/","og_locale":"fr_CA","og_type":"article","og_title":"About Us - PeerOnCall","og_description":"Acknowledgements The&nbsp;PeerOnCall&nbsp;project has been made possible thanks to ongoing collaboration and input from Canada&#8217;s Public Safety community. Ongoing research related to the app platform is supported by a team of leading academic researchers across five universities, as well as knowledge user advisory teams from across Canada. In addition, this work has been supported by funding [&hellip;]","og_url":"https:\/\/www.oncallapp.ca\/fr\/about-us\/","og_site_name":"PeerOnCall","article_modified_time":"2026-04-17T18:57:43+00:00","og_image":[{"width":1800,"height":1151,"url":"https:\/\/www.oncallapp.ca\/wp-content\/uploads\/2023\/01\/mcmaster-team-group-photo.jpg","type":"image\/jpeg"}],"twitter_card":"summary_large_image","twitter_site":"@pshsaca","twitter_misc":{"Estimation du temps de lecture":"3 minutes"},"schema":{"@context":"https:\/\/schema.org","@graph":[{"@type":"WebPage","@id":"https:\/\/www.oncallapp.ca\/about-us\/","url":"https:\/\/www.oncallapp.ca\/about-us\/","name":"About Us - PeerOnCall","isPartOf":{"@id":"https:\/\/www.beyondsilence.ca\/#website"},"primaryImageOfPage":{"@id":"https:\/\/www.oncallapp.ca\/about-us\/#primaryimage"},"image":{"@id":"https:\/\/www.oncallapp.ca\/about-us\/#primaryimage"},"thumbnailUrl":"https:\/\/www.oncallapp.ca\/wp-content\/uploads\/2023\/01\/mcmaster-team-group-photo-1024x655.jpg","datePublished":"2022-10-04T17:49:05+00:00","dateModified":"2026-04-17T18:57:43+00:00","breadcrumb":{"@id":"https:\/\/www.oncallapp.ca\/about-us\/#breadcrumb"},"inLanguage":"fr-CA","potentialAction":[{"@type":"ReadAction","target":["https:\/\/www.oncallapp.ca\/about-us\/"]}]},{"@type":"ImageObject","inLanguage":"fr-CA","@id":"https:\/\/www.oncallapp.ca\/about-us\/#primaryimage","url":"https:\/\/www.oncallapp.ca\/wp-content\/uploads\/2023\/01\/mcmaster-team-group-photo-1024x655.jpg","contentUrl":"https:\/\/www.oncallapp.ca\/wp-content\/uploads\/2023\/01\/mcmaster-team-group-photo-1024x655.jpg"},{"@type":"BreadcrumbList","@id":"https:\/\/www.oncallapp.ca\/about-us\/#breadcrumb","itemListElement":[{"@type":"ListItem","position":1,"name":"Home","item":"https:\/\/www.oncallapp.ca\/"},{"@type":"ListItem","position":2,"name":"About Us"}]},{"@type":"WebSite","@id":"https:\/\/www.beyondsilence.ca\/#website","url":"https:\/\/www.beyondsilence.ca\/","name":"PeerOnCall","description":"","publisher":{"@id":"https:\/\/www.beyondsilence.ca\/#organization"},"potentialAction":[{"@type":"SearchAction","target":{"@type":"EntryPoint","urlTemplate":"https:\/\/www.beyondsilence.ca\/?s={search_term_string}"},"query-input":{"@type":"PropertyValueSpecification","valueRequired":true,"valueName":"search_term_string"}}],"inLanguage":"fr-CA"},{"@type":"Organization","@id":"https:\/\/www.beyondsilence.ca\/#organization","name":"PeerOnCall","url":"https:\/\/www.beyondsilence.ca\/","logo":{"@type":"ImageObject","inLanguage":"fr-CA","@id":"https:\/\/www.beyondsilence.ca\/#\/schema\/logo\/image\/","url":"https:\/\/www.oncallapp.ca\/wp-content\/uploads\/2023\/01\/logo-peerOC-horiz.png","contentUrl":"https:\/\/www.oncallapp.ca\/wp-content\/uploads\/2023\/01\/logo-peerOC-horiz.png","width":800,"height":249,"caption":"PeerOnCall"},"image":{"@id":"https:\/\/www.beyondsilence.ca\/#\/schema\/logo\/image\/"},"sameAs":["https:\/\/x.com\/pshsaca","https:\/\/www.linkedin.com\/company\/public-services-health-and-safety-association","https:\/\/www.youtube.com\/user\/PSHSA","https:\/\/www.instagram.com\/pshsa\/"]}]}},"_links":{"self":[{"href":"https:\/\/www.oncallapp.ca\/fr\/wp-json\/wp\/v2\/pages\/13","targetHints":{"allow":["GET"]}}],"collection":[{"href":"https:\/\/www.oncallapp.ca\/fr\/wp-json\/wp\/v2\/pages"}],"about":[{"href":"https:\/\/www.oncallapp.ca\/fr\/wp-json\/wp\/v2\/types\/page"}],"author":[{"embeddable":true,"href":"https:\/\/www.oncallapp.ca\/fr\/wp-json\/wp\/v2\/users\/7"}],"replies":[{"embeddable":true,"href":"https:\/\/www.oncallapp.ca\/fr\/wp-json\/wp\/v2\/comments?post=13"}],"version-history":[{"count":59,"href":"https:\/\/www.oncallapp.ca\/fr\/wp-json\/wp\/v2\/pages\/13\/revisions"}],"predecessor-version":[{"id":1137,"href":"https:\/\/www.oncallapp.ca\/fr\/wp-json\/wp\/v2\/pages\/13\/revisions\/1137"}],"wp:attachment":[{"href":"https:\/\/www.oncallapp.ca\/fr\/wp-json\/wp\/v2\/media?parent=13"}],"curies":[{"name":"wp","href":"https:\/\/api.w.org\/{rel}","templated":true}]}}