{"id":521,"date":"2023-01-26T19:28:12","date_gmt":"2023-01-27T00:28:12","guid":{"rendered":"https:\/\/www.oncallapp.ca\/?page_id=521"},"modified":"2025-06-23T18:23:42","modified_gmt":"2025-06-23T22:23:42","slug":"for-peer-supporters","status":"publish","type":"page","link":"https:\/\/www.oncallapp.ca\/fr\/for-peer-supporters\/","title":{"rendered":"Pour les pairs aidants"},"content":{"rendered":"<div class=\"wp-block-columns alignwide is-layout-flex wp-container-core-columns-is-layout-9d6595d7 wp-block-columns-is-layout-flex\">\n<div class=\"wp-block-column is-layout-flow wp-block-column-is-layout-flow\">\n<h2 class=\"wp-block-heading\">Pour commencer<\/h2>\n\n\n\n<p><strong>\u00cates-vous membre de l'\u00e9quipe qui offrent le soutien par les pairs dans votre organisation (y compris les services correctionnels, les communications d'urgence, les services d'incendie, les autorit\u00e9s polici\u00e8res et les services param\u00e9dicaux) ?<\/strong><\/p>\n\n\n\n<p><strong>Si la r\u00e9ponse est oui, cette section est pour vous !<\/strong><\/p>\n\n\n\n<hr class=\"wp-block-separator has-alpha-channel-opacity is-style-default\"\/>\n\n\n\n<p>Le projet&nbsp;<strong><a href=\"https:\/\/www.oncallapp.ca\/fr\/app\/\">PeerOnCall<\/a><\/strong>&nbsp;et&nbsp;<strong><a href=\"https:\/\/www.oncallapp.ca\/fr\/app\/support-app\/\">PeerOnCall Support<\/a><\/strong>&nbsp;sont mises en \u0153uvre au niveau de l'organisation. Le <strong>PeerOnCall<\/strong> est con\u00e7ue pour r\u00e9duire les obstacles \u00e0 acc\u00e9der le soutien par les pairs et pour cr\u00e9er des occasions de recueillir des commentaires sur les services de soutien par les pairs. Le&nbsp;<strong>PeerOnCall Support&nbsp;<\/strong>est con\u00e7ue pour ceux qui offrent le soutien par les pairs et comprend des liens vers des ressources destin\u00e9es \u00e0 aider les pairs dans leur r\u00f4le. La contribution des pairs aidants est importante pour le d\u00e9veloppement continu de l\u2019application. <\/p>\n\n\n\n<p>Si vous voulez commencer \u00e0 offrir le soutien par les pairs, vous devrez d'abord inclure votre organisation \u2014 <a href=\"https:\/\/www.oncallapp.ca\/fr\/app\/organizations\/\">appuyez ici<\/a> pour plus d'informations sur comment le faire.<\/p>\n\n\n\n<p>Par ailleurs, si vous souhaitez participer au projet PeerOnCall \u00e0 un autre titre, veuillez <a href=\"mailto:PeerOnCall@steppedcaresolutions.com\">nous contacter<\/a>, vous pr\u00e9senter et nous dire quelques mots sur vous.<\/p>\n\n\n\n<p><\/p>\n<\/div>\n<\/div>","protected":false},"excerpt":{"rendered":"<p>Getting Started Are you a member of the peer support provider team in your organization (including corrections, emergency communications, fire service, law enforcement or paramedic services). If the answer is yes, then this section is for you! The&nbsp;PeerOnCall&nbsp;and&nbsp;PeerOnCall Support&nbsp;mobile apps are implemented at an organization level. The PeerOnCall app is designed to reduce barriers to [&hellip;]<\/p>\n","protected":false},"author":7,"featured_media":0,"parent":0,"menu_order":0,"comment_status":"closed","ping_status":"closed","template":"","meta":{"footnotes":""},"class_list":["post-521","page","type-page","status-publish","hentry"],"yoast_head":"<!-- This site is optimized with the Yoast SEO plugin v27.2 - https:\/\/yoast.com\/product\/yoast-seo-wordpress\/ -->\n<title>For Peer Supporters - PeerOnCall<\/title>\n<meta name=\"robots\" content=\"index, follow, max-snippet:-1, max-image-preview:large, max-video-preview:-1\" \/>\n<link rel=\"canonical\" href=\"https:\/\/www.oncallapp.ca\/fr\/for-peer-supporters\/\" \/>\n<meta property=\"og:locale\" content=\"fr_CA\" \/>\n<meta property=\"og:type\" content=\"article\" \/>\n<meta property=\"og:title\" content=\"For Peer Supporters - PeerOnCall\" \/>\n<meta property=\"og:description\" content=\"Getting Started Are you a member of the peer support provider team in your organization (including corrections, emergency communications, fire service, law enforcement or paramedic services). If the answer is yes, then this section is for you! The&nbsp;PeerOnCall&nbsp;and&nbsp;PeerOnCall Support&nbsp;mobile apps are implemented at an organization level. The PeerOnCall app is designed to reduce barriers to [&hellip;]\" \/>\n<meta property=\"og:url\" content=\"https:\/\/www.oncallapp.ca\/fr\/for-peer-supporters\/\" \/>\n<meta property=\"og:site_name\" content=\"PeerOnCall\" \/>\n<meta property=\"article:modified_time\" content=\"2025-06-23T22:23:42+00:00\" \/>\n<meta name=\"twitter:card\" content=\"summary_large_image\" \/>\n<meta name=\"twitter:site\" content=\"@pshsaca\" \/>\n<meta name=\"twitter:label1\" content=\"Estimation du temps de lecture\" \/>\n\t<meta name=\"twitter:data1\" content=\"1 minute\" \/>\n<script type=\"application\/ld+json\" class=\"yoast-schema-graph\">{\"@context\":\"https:\/\/schema.org\",\"@graph\":[{\"@type\":\"WebPage\",\"@id\":\"https:\/\/www.oncallapp.ca\/for-peer-supporters\/\",\"url\":\"https:\/\/www.oncallapp.ca\/for-peer-supporters\/\",\"name\":\"For Peer Supporters - PeerOnCall\",\"isPartOf\":{\"@id\":\"https:\/\/www.beyondsilence.ca\/#website\"},\"datePublished\":\"2023-01-27T00:28:12+00:00\",\"dateModified\":\"2025-06-23T22:23:42+00:00\",\"breadcrumb\":{\"@id\":\"https:\/\/www.oncallapp.ca\/for-peer-supporters\/#breadcrumb\"},\"inLanguage\":\"fr-CA\",\"potentialAction\":[{\"@type\":\"ReadAction\",\"target\":[\"https:\/\/www.oncallapp.ca\/for-peer-supporters\/\"]}]},{\"@type\":\"BreadcrumbList\",\"@id\":\"https:\/\/www.oncallapp.ca\/for-peer-supporters\/#breadcrumb\",\"itemListElement\":[{\"@type\":\"ListItem\",\"position\":1,\"name\":\"Home\",\"item\":\"https:\/\/www.oncallapp.ca\/\"},{\"@type\":\"ListItem\",\"position\":2,\"name\":\"For Peer Supporters\"}]},{\"@type\":\"WebSite\",\"@id\":\"https:\/\/www.beyondsilence.ca\/#website\",\"url\":\"https:\/\/www.beyondsilence.ca\/\",\"name\":\"PeerOnCall\",\"description\":\"\",\"publisher\":{\"@id\":\"https:\/\/www.beyondsilence.ca\/#organization\"},\"potentialAction\":[{\"@type\":\"SearchAction\",\"target\":{\"@type\":\"EntryPoint\",\"urlTemplate\":\"https:\/\/www.beyondsilence.ca\/?s={search_term_string}\"},\"query-input\":{\"@type\":\"PropertyValueSpecification\",\"valueRequired\":true,\"valueName\":\"search_term_string\"}}],\"inLanguage\":\"fr-CA\"},{\"@type\":\"Organization\",\"@id\":\"https:\/\/www.beyondsilence.ca\/#organization\",\"name\":\"PeerOnCall\",\"url\":\"https:\/\/www.beyondsilence.ca\/\",\"logo\":{\"@type\":\"ImageObject\",\"inLanguage\":\"fr-CA\",\"@id\":\"https:\/\/www.beyondsilence.ca\/#\/schema\/logo\/image\/\",\"url\":\"https:\/\/www.oncallapp.ca\/wp-content\/uploads\/2023\/01\/logo-peerOC-horiz.png\",\"contentUrl\":\"https:\/\/www.oncallapp.ca\/wp-content\/uploads\/2023\/01\/logo-peerOC-horiz.png\",\"width\":800,\"height\":249,\"caption\":\"PeerOnCall\"},\"image\":{\"@id\":\"https:\/\/www.beyondsilence.ca\/#\/schema\/logo\/image\/\"},\"sameAs\":[\"https:\/\/x.com\/pshsaca\",\"https:\/\/www.linkedin.com\/company\/public-services-health-and-safety-association\",\"https:\/\/www.youtube.com\/user\/PSHSA\",\"https:\/\/www.instagram.com\/pshsa\/\"]}]}<\/script>\n<!-- \/ Yoast SEO plugin. -->","yoast_head_json":{"title":"For Peer Supporters - PeerOnCall","robots":{"index":"index","follow":"follow","max-snippet":"max-snippet:-1","max-image-preview":"max-image-preview:large","max-video-preview":"max-video-preview:-1"},"canonical":"https:\/\/www.oncallapp.ca\/fr\/for-peer-supporters\/","og_locale":"fr_CA","og_type":"article","og_title":"For Peer Supporters - PeerOnCall","og_description":"Getting Started Are you a member of the peer support provider team in your organization (including corrections, emergency communications, fire service, law enforcement or paramedic services). If the answer is yes, then this section is for you! The&nbsp;PeerOnCall&nbsp;and&nbsp;PeerOnCall Support&nbsp;mobile apps are implemented at an organization level. The PeerOnCall app is designed to reduce barriers to [&hellip;]","og_url":"https:\/\/www.oncallapp.ca\/fr\/for-peer-supporters\/","og_site_name":"PeerOnCall","article_modified_time":"2025-06-23T22:23:42+00:00","twitter_card":"summary_large_image","twitter_site":"@pshsaca","twitter_misc":{"Estimation du temps de lecture":"1 minute"},"schema":{"@context":"https:\/\/schema.org","@graph":[{"@type":"WebPage","@id":"https:\/\/www.oncallapp.ca\/for-peer-supporters\/","url":"https:\/\/www.oncallapp.ca\/for-peer-supporters\/","name":"For Peer Supporters - PeerOnCall","isPartOf":{"@id":"https:\/\/www.beyondsilence.ca\/#website"},"datePublished":"2023-01-27T00:28:12+00:00","dateModified":"2025-06-23T22:23:42+00:00","breadcrumb":{"@id":"https:\/\/www.oncallapp.ca\/for-peer-supporters\/#breadcrumb"},"inLanguage":"fr-CA","potentialAction":[{"@type":"ReadAction","target":["https:\/\/www.oncallapp.ca\/for-peer-supporters\/"]}]},{"@type":"BreadcrumbList","@id":"https:\/\/www.oncallapp.ca\/for-peer-supporters\/#breadcrumb","itemListElement":[{"@type":"ListItem","position":1,"name":"Home","item":"https:\/\/www.oncallapp.ca\/"},{"@type":"ListItem","position":2,"name":"For Peer Supporters"}]},{"@type":"WebSite","@id":"https:\/\/www.beyondsilence.ca\/#website","url":"https:\/\/www.beyondsilence.ca\/","name":"PeerOnCall","description":"","publisher":{"@id":"https:\/\/www.beyondsilence.ca\/#organization"},"potentialAction":[{"@type":"SearchAction","target":{"@type":"EntryPoint","urlTemplate":"https:\/\/www.beyondsilence.ca\/?s={search_term_string}"},"query-input":{"@type":"PropertyValueSpecification","valueRequired":true,"valueName":"search_term_string"}}],"inLanguage":"fr-CA"},{"@type":"Organization","@id":"https:\/\/www.beyondsilence.ca\/#organization","name":"PeerOnCall","url":"https:\/\/www.beyondsilence.ca\/","logo":{"@type":"ImageObject","inLanguage":"fr-CA","@id":"https:\/\/www.beyondsilence.ca\/#\/schema\/logo\/image\/","url":"https:\/\/www.oncallapp.ca\/wp-content\/uploads\/2023\/01\/logo-peerOC-horiz.png","contentUrl":"https:\/\/www.oncallapp.ca\/wp-content\/uploads\/2023\/01\/logo-peerOC-horiz.png","width":800,"height":249,"caption":"PeerOnCall"},"image":{"@id":"https:\/\/www.beyondsilence.ca\/#\/schema\/logo\/image\/"},"sameAs":["https:\/\/x.com\/pshsaca","https:\/\/www.linkedin.com\/company\/public-services-health-and-safety-association","https:\/\/www.youtube.com\/user\/PSHSA","https:\/\/www.instagram.com\/pshsa\/"]}]}},"_links":{"self":[{"href":"https:\/\/www.oncallapp.ca\/fr\/wp-json\/wp\/v2\/pages\/521","targetHints":{"allow":["GET"]}}],"collection":[{"href":"https:\/\/www.oncallapp.ca\/fr\/wp-json\/wp\/v2\/pages"}],"about":[{"href":"https:\/\/www.oncallapp.ca\/fr\/wp-json\/wp\/v2\/types\/page"}],"author":[{"embeddable":true,"href":"https:\/\/www.oncallapp.ca\/fr\/wp-json\/wp\/v2\/users\/7"}],"replies":[{"embeddable":true,"href":"https:\/\/www.oncallapp.ca\/fr\/wp-json\/wp\/v2\/comments?post=521"}],"version-history":[{"count":7,"href":"https:\/\/www.oncallapp.ca\/fr\/wp-json\/wp\/v2\/pages\/521\/revisions"}],"predecessor-version":[{"id":1470,"href":"https:\/\/www.oncallapp.ca\/fr\/wp-json\/wp\/v2\/pages\/521\/revisions\/1470"}],"wp:attachment":[{"href":"https:\/\/www.oncallapp.ca\/fr\/wp-json\/wp\/v2\/media?parent=521"}],"curies":[{"name":"wp","href":"https:\/\/api.w.org\/{rel}","templated":true}]}}